{"id":86,"date":"2013-08-26T21:18:14","date_gmt":"2013-08-26T19:18:14","guid":{"rendered":"https:\/\/www.unearth.de\/blog\/?page_id=86"},"modified":"2018-04-22T16:45:02","modified_gmt":"2018-04-22T14:45:02","slug":"web","status":"publish","type":"page","link":"https:\/\/www.unearth.de\/blog\/web\/","title":{"rendered":"Web"},"content":{"rendered":"<div id=\"includes\">\n<div id=\"projekte\">\n<div>\n<h3>\n<h3><a href=\"http:\/\/www.carlos.koeln\/\" target=\"_blank\"><img loading=\"lazy\" decoding=\"async\" src=\"https:\/\/www.unearth.de\/blog\/wp-content\/uploads\/carlos.unearth_screen_150.jpg\" alt=\"carlos-unearth-screen-150\" width=\"150\" height=\"85\" style=\"clear: left;\" class=\"alignleft size-full wp-image-883\" srcset=\"https:\/\/www.unearth.de\/blog\/wp-content\/uploads\/carlos.unearth_screen_150.jpg 150w, https:\/\/www.unearth.de\/blog\/wp-content\/uploads\/carlos.unearth_screen_150-100x56.jpg 100w\" sizes=\"auto, (max-width: 150px) 100vw, 150px\" \/><\/a> Carlos.Koeln<\/h3>\n<p>Das Leben eines Hundes<br \/>\n<a href=\"http:\/\/www.carlos.koeln\/\" target=\"_blank\">www.carlos.koeln<\/a>\n<\/div>\n<div>\n<h3><a href=\"http:\/\/www.spuren-unserer-tage.de\/\" target=\"_blank\"><img loading=\"lazy\" decoding=\"async\" class=\"alignleft\" style=\"clear: left;\" src=\"\/images\/spuren-unserer-tage.de.jpg\" alt=\"\" width=\"150\" height=\"95\" \/><\/a>Spuren unserer Tage<\/h3>\n<p>Gedichte und Gedanken von Monika Kleimeyer<br \/>\n<a href=\"http:\/\/www.spuren-unserer-tage.de\/\" target=\"_blank\">www.spuren-unserer-tage.de<\/a><\/p>\n<\/div>\n<div>\n<h3><a href=\"http:\/\/www.vision-ev.de\/\" target=\"_blank\"><img decoding=\"async\" class=\"alignleft\" style=\"clear: left;\" src=\"https:\/\/www.unearth.de\/blog\/wp-content\/uploads\/screen_01.jpg\" alt=\"\" width=\"150\" \/><\/a>VISION e.V.<\/h3>\n<p>Verein f\u00fcr innovative Drogenselbsthilfe<br \/>\n<a href=\"http:\/\/www.vision-ev.de\/\" target=\"_blank\">www.vision-ev.de<\/a><\/p>\n<\/div>\n<div>\n<h3><a href=\"http:\/\/www.reikikrampulz.de\/\" target=\"_blank\"><img decoding=\"async\" class=\"alignleft\" style=\"background-color: white; clear: left; height: 100px;\" src=\"https:\/\/www.unearth.de\/blog\/wp-content\/uploads\/reikikrampulz.de_-300x184.jpg\" alt=\"\" width=\"150\" \/><\/a>Reiki &#8211; Zentrum f\u00fcr energetische Betreuung<\/h3>\n<p>Reiki-Meister Andreas Krampulz aus der Ergotherapiepraxis bietet Reiki an<br \/>\n<a href=\"http:\/\/www.reikikrampulz.de\/\" target=\"_blank\">www.reikikrampulz.de<\/a><\/p>\n<\/div>\n<div>\n<h3><a href=\"http:\/\/www.ergokrampulz.de\/\" target=\"_blank\"><img loading=\"lazy\" decoding=\"async\" class=\"alignleft\" style=\"background-color: white; clear: left; height: 100px;\" src=\"\/images\/ergokrampulz1.png\" alt=\"\" width=\"150\" height=\"100\" \/><\/a>Praxis f\u00fcr Ergotherapie<\/h3>\n<p>Ergotherapiepraxis und Zentrum f\u00fcr energetische Betreuung Andreas Krampulz<br \/>\n<a href=\"http:\/\/www.ergokrampulz.de\/\" target=\"_blank\">www.ergokrampulz.de<\/a><\/p>\n<\/div>\n<div>\n<h3><a href=\"http:\/\/www.patchworksystemisch.de\/\" target=\"_blank\"><img decoding=\"async\" class=\"alignleft\" style=\"background-color: white; clear: left; height: 100px;\" src=\"https:\/\/www.unearth.de\/blog\/wp-content\/uploads\/patchwork_relaunch2017-300x204.jpg\" alt=\"\" width=\"150\" \/><\/a>PatchWork Systemisch<\/h3>\n<p>Praxis f\u00fcr systemische Beratung, Therapie und Coaching in K\u00f6ln<br \/>\n<a href=\"http:\/\/www.patchworksystemisch.de\/\" target=\"_blank\">www.patchworksystemisch.de<\/a><\/p>\n<\/div>\n<div>\n<h3><a href=\"http:\/\/www.rheinsupport.de\/\" target=\"_blank\"><img decoding=\"async\" class=\"alignleft\" style=\"clear: left;\" src=\"\/blog\/wp-content\/uploads\/aids_und_drogenberatungde.jpg\" alt=\"\" width=\"150\" \/><\/a>RheinSupport <small>&#8211; Institut f\u00fcr soziale Arbeit und systemische Prozesse<\/small><\/h3>\n<p>Entwicklung von Logo, Briefpapier, Visitenkarte und Internet-Seite<br \/>\n<a href=\"http:\/\/www.rheinsupport.de\/\" target=\"_blank\">www.rheinsupport.de<\/a><\/p>\n<\/div>\n<p><!--div>\n\n<h3><a href=\"http:\/\/www.citybewo.de\/\" target=\"_blank\"><img decoding=\"async\" class=\"alignleft\" style=\"clear: both;\" src=\"\/blog\/wp-content\/uploads\/citybewode.jpg\" alt=\"\" width=\"150\" \/><\/a>CityBewo K\u00f6ln<\/h3>\n\n\nEin Projekt von RheinSupport: CityBewo - Ambulant betreutes Wohnen f\u00fcr K\u00f6ln\n<a href=\"http:\/\/www.citybewo.de\/\" target=\"_blank\">www.citybewo.de<\/a><\/div-->\n<div>\n<h3><a href=\"http:\/\/intranet.unearth.de\/\" target=\"_blank\"><img loading=\"lazy\" decoding=\"async\" class=\"alignleft\" style=\"clear: left;\" src=\"\/images\/intranet.unearth.de.jpg\" alt=\"\" width=\"150\" height=\"95\" \/><\/a>Intranet<\/h3>\n<p>Browser-Startseite aus K\u00f6lner Sicht<br \/>\n<a href=\"http:\/\/intranet.unearth.de\/\" target=\"_blank\">intranet.unearth.de<\/a><\/p>\n<\/div>\n<div>\n<h3><a href=\"http:\/\/www.con-dere.de\/\" target=\"_blank\"><img loading=\"lazy\" decoding=\"async\" class=\"alignleft\" style=\"clear: left;\" src=\"\/images\/con-dere.de.jpg\" alt=\"\" width=\"150\" height=\"95\" \/><\/a>con-dere Grafik &amp; Design<\/h3>\n<p>Grafik- &amp; Design-B\u00fcro<br \/>\n<a href=\"http:\/\/www.con-dere.de\/\" target=\"_blank\">www.con-dere.de<\/a><\/p>\n<\/div>\n<\/div>\n<\/div>\n<h3 style=\"text-align: center; margin-bottom: 50px;\"><a href=\"\/blog\/kategorie\/web\/\">Alle bisherigen Web-Projekte zeitlich sortiert<\/a><\/h3>\n","protected":false},"excerpt":{"rendered":"<p>Carlos.Koeln Das Leben eines Hundes www.carlos.koeln Spuren unserer Tage Gedichte und Gedanken von Monika Kleimeyer www.spuren-unserer-tage.de VISION e.V. Verein f\u00fcr innovative Drogenselbsthilfe www.vision-ev.de Reiki &#8211; Zentrum f\u00fcr energetische Betreuung Reiki-Meister Andreas Krampulz aus der Ergotherapiepraxis bietet Reiki an www.reikikrampulz.de Praxis f\u00fcr Ergotherapie Ergotherapiepraxis und Zentrum f\u00fcr energetische Betreuung Andreas Krampulz www.ergokrampulz.de PatchWork Systemisch Praxis f\u00fcr&hellip; <br \/> <a class=\"read-more\" href=\"https:\/\/www.unearth.de\/blog\/web\/\">Weiterlesen<\/a><\/p>\n","protected":false},"author":1,"featured_media":0,"parent":0,"menu_order":0,"comment_status":"closed","ping_status":"closed","template":"","meta":{"footnotes":""},"class_list":["post-86","page","type-page","status-publish","hentry"],"_links":{"self":[{"href":"https:\/\/www.unearth.de\/blog\/wp-json\/wp\/v2\/pages\/86","targetHints":{"allow":["GET"]}}],"collection":[{"href":"https:\/\/www.unearth.de\/blog\/wp-json\/wp\/v2\/pages"}],"about":[{"href":"https:\/\/www.unearth.de\/blog\/wp-json\/wp\/v2\/types\/page"}],"author":[{"embeddable":true,"href":"https:\/\/www.unearth.de\/blog\/wp-json\/wp\/v2\/users\/1"}],"replies":[{"embeddable":true,"href":"https:\/\/www.unearth.de\/blog\/wp-json\/wp\/v2\/comments?post=86"}],"version-history":[{"count":0,"href":"https:\/\/www.unearth.de\/blog\/wp-json\/wp\/v2\/pages\/86\/revisions"}],"wp:attachment":[{"href":"https:\/\/www.unearth.de\/blog\/wp-json\/wp\/v2\/media?parent=86"}],"curies":[{"name":"wp","href":"https:\/\/api.w.org\/{rel}","templated":true}]}}